{"id":14,"date":"2025-09-22T14:21:55","date_gmt":"2025-09-22T14:21:55","guid":{"rendered":"http:\/\/giader.org.tr\/?page_id=14"},"modified":"2026-03-17T13:35:08","modified_gmt":"2026-03-17T10:35:08","slug":"ana-sayfa","status":"publish","type":"page","link":"https:\/\/giader.org.tr\/","title":{"rendered":"Ana Sayfa"},"content":{"rendered":"<h1 style=\"text-align: center;\">Giri\u015fimci \u0130\u015f Adamlar\u0131 Derne\u011fi G\u0130ADER<\/h1>\n<p style=\"text-align: center; font-size: 18px;\">G\u0130ADER; i\u015f insanlar\u0131n\u0131 bir araya getirerek i\u015f birli\u011fi, ticaret, e\u011fitim ve uluslararas\u0131 projelerle ekonomik de\u011fer \u00fcretir.<\/p>\n<p>&nbsp;<\/p>\n<p style=\"text-align: center;\"><a style=\"background: #00a859; color: white; padding: 12px 25px; text-decoration: none; border-radius: 5px;\" href=\"\/uyelik-basvurusu\">\u00dcye Ol<\/a><\/p>\n<p>&nbsp;<\/p>\n<p style=\"text-align: center;\"><a style=\"background: #0073aa; color: white; padding: 12px 25px; text-decoration: none; border-radius: 5px;\" href=\"\/faaliyetler\">Faaliyetlerimiz<\/a><\/p>\n<p>&nbsp;<\/p>\n<p>Giri\u015fimci i\u015f adamlar\u0131 derne\u011fi olan G\u0130ADER, i\u015f insanlar\u0131n\u0131 bir araya getirerek ticaret, yat\u0131r\u0131m, e\u011fitim ve uluslararas\u0131 i\u015f birlikleri ile ekonomik de\u011fer \u00fcretmeyi ama\u00e7layan g\u00fc\u00e7l\u00fc bir sivil toplum kurulu\u015fudur.<\/p>\n<h2 style=\"text-align: left;\">G\u0130ADER Neler Yapar?<\/h2>\n<ul style=\"text-align: left;\">\n<li>\u0130\u015f insanlar\u0131 aras\u0131nda g\u00fc\u00e7l\u00fc i\u015f a\u011f\u0131 olu\u015fturur<\/li>\n<li>Ticaret ve yat\u0131r\u0131m f\u0131rsatlar\u0131 geli\u015ftirir<\/li>\n<li>Giri\u015fimcilik e\u011fitimleri ve programlar d\u00fczenler<\/li>\n<li>Ulusal ve uluslararas\u0131 i\u015f ba\u011flant\u0131lar\u0131 kurar<\/li>\n<li>Sanayi ve ticaretin geli\u015fimine katk\u0131 sa\u011flar<\/li>\n<\/ul>\n<h2 style=\"text-align: left;\">Faaliyet Alanlar\u0131m\u0131z<\/h2>\n<ul style=\"text-align: left;\">\n<li>Seminerler, konferanslar ve e\u011fitimler<\/li>\n<li>KOSGEB ve giri\u015fimcilik e\u011fitim programlar\u0131<\/li>\n<li>\u0130\u015f geli\u015ftirme organizasyonlar\u0131<\/li>\n<li>Yurt i\u00e7i ve yurt d\u0131\u015f\u0131 ticaret ba\u011flant\u0131lar\u0131<\/li>\n<li>Proje ve yat\u0131r\u0131m geli\u015ftirme \u00e7al\u0131\u015fmalar\u0131<\/li>\n<\/ul>\n<h2 style=\"text-align: left;\">Neden G\u0130ADER?<\/h2>\n<ul style=\"text-align: left;\">\n<li>G\u00fcvenilir ve referansl\u0131 i\u015f a\u011f\u0131<\/li>\n<li>Ger\u00e7ek ticaret ve proje f\u0131rsatlar\u0131<\/li>\n<li>Kurumsal ve disiplinli yap\u0131<\/li>\n<li>\u00dcyeler aras\u0131 g\u00fc\u00e7l\u00fc dayan\u0131\u015fma<\/li>\n<li>Ekonomiye katk\u0131 sa\u011flayan vizyon<\/li>\n<\/ul>\n<h2 style=\"text-align: left;\">G\u0130ADER \u00dcyeli\u011fi<\/h2>\n<p style=\"text-align: left;\">G\u0130ADER \u00fcyeli\u011fi, g\u00fcven esas\u0131na dayal\u0131 bir i\u015f a\u011f\u0131na kat\u0131lman\u0131z\u0131 sa\u011flar.<br \/>\n\u00dcyelik ba\u015fvurular\u0131 mevcut \u00fcyelerin referans\u0131 ve y\u00f6netim kurulu onay\u0131 ile de\u011ferlendirilir.<\/p>\n<p style=\"text-align: left;\">Bu yap\u0131 sayesinde g\u00fc\u00e7l\u00fc, g\u00fcvenilir ve s\u00fcrd\u00fcr\u00fclebilir bir ticari ekosistem olu\u015fturulmaktad\u0131r.<\/p>\n<h2 style=\"text-align: left;\">Projelerimiz<\/h2>\n<ul>\n<li style=\"text-align: left;\">Ticaret Akademisi<\/li>\n<li style=\"text-align: left;\">Giri\u015fimcilik destek programlar\u0131<\/li>\n<li style=\"text-align: left;\">E\u011fitim ve mentorluk sistemleri<\/li>\n<li style=\"text-align: left;\">Uluslararas\u0131 ticaret projeleri<\/li>\n<\/ul>\n<h2 style=\"text-align: center;\">G\u0130ADER ile \u0130\u015finizi B\u00fcy\u00fct\u00fcn<\/h2>\n<p style=\"text-align: center; font-size: 18px;\">Giri\u015fimci i\u015f adamlar\u0131 derne\u011fi G\u0130ADER; \u00fcyeleri aras\u0131nda i\u015f birli\u011fi, ticaret ve g\u00fcven ortam\u0131 olu\u015fturarak s\u00fcrd\u00fcr\u00fclebilir ekonomik geli\u015fime katk\u0131 sa\u011flar.<\/p>\n<p style=\"text-align: center;\"><a style=\"background: #d32f2f; color: white; padding: 12px 25px; text-decoration: none; border-radius: 5px;\" href=\"\/iletisim\">Hemen \u0130leti\u015fime Ge\u00e7in<br \/>\n<\/a><\/p>\n","protected":false},"excerpt":{"rendered":"<p>Giri\u015fimci \u0130\u015f Adamlar\u0131 Derne\u011fi G\u0130ADER G\u0130ADER; i\u015f insanlar\u0131n\u0131 bir araya getirerek i\u015f birli\u011fi, ticaret, e\u011fitim ve uluslararas\u0131 projelerle ekonomik de\u011fer \u00fcretir. &nbsp; \u00dcye Ol &nbsp; Faaliyetlerimiz &nbsp; Giri\u015fimci i\u015f adamlar\u0131 derne\u011fi olan G\u0130ADER, i\u015f insanlar\u0131n\u0131 bir araya getirerek ticaret, yat\u0131r\u0131m, e\u011fitim ve uluslararas\u0131 i\u015f birlikleri ile ekonomik de\u011fer \u00fcretmeyi ama\u00e7layan<a href=\"https:\/\/giader.org.tr\/\" class=\"read-more\">Read More<\/a><\/p>\n","protected":false},"author":1,"featured_media":0,"parent":0,"menu_order":0,"comment_status":"closed","ping_status":"closed","template":"","meta":{"footnotes":""},"class_list":["post-14","page","type-page","status-publish","hentry"],"jetpack_sharing_enabled":true,"_links":{"self":[{"href":"https:\/\/giader.org.tr\/index.php?rest_route=\/wp\/v2\/pages\/14","targetHints":{"allow":["GET"]}}],"collection":[{"href":"https:\/\/giader.org.tr\/index.php?rest_route=\/wp\/v2\/pages"}],"about":[{"href":"https:\/\/giader.org.tr\/index.php?rest_route=\/wp\/v2\/types\/page"}],"author":[{"embeddable":true,"href":"https:\/\/giader.org.tr\/index.php?rest_route=\/wp\/v2\/users\/1"}],"replies":[{"embeddable":true,"href":"https:\/\/giader.org.tr\/index.php?rest_route=%2Fwp%2Fv2%2Fcomments&post=14"}],"version-history":[{"count":0,"href":"https:\/\/giader.org.tr\/index.php?rest_route=\/wp\/v2\/pages\/14\/revisions"}],"wp:attachment":[{"href":"https:\/\/giader.org.tr\/index.php?rest_route=%2Fwp%2Fv2%2Fmedia&parent=14"}],"curies":[{"name":"wp","href":"https:\/\/api.w.org\/{rel}","templated":true}]}}